{"id":2,"date":"2019-06-25T01:52:53","date_gmt":"2019-06-25T01:52:53","guid":{"rendered":"https:\/\/marlenelima.com.br\/detudoumpouco\/?page_id=2"},"modified":"2019-06-25T01:52:53","modified_gmt":"2019-06-25T01:52:53","slug":"pagina-exemplo","status":"publish","type":"page","link":"https:\/\/marlenelima.com.br\/detudoumpouco\/pagina-exemplo\/","title":{"rendered":"Exemplo de p\u00e1gina"},"content":{"rendered":"<p>Isto \u00e9 um exemplo de p\u00e1gina. \u00c9 diferente de um artigo porque fica no mesmo s\u00edtio e aparece na navega\u00e7\u00e3o do seu site (na maior parte dos temas). O normal \u00e9 come\u00e7ar com uma p\u00e1gina &#8220;Acerca de&#8221;, que apresenta o site aos visitantes. Poderia ser qualquer coisa deste tipo:<\/p>\n<blockquote><p>Ol\u00e1! Fa\u00e7o entregas durante o dia, mas estudo para ser actor \u00e0 noite. Este \u00e9 o meu site. Vivo em Lisboa, tenho um c\u00e3o chamado Belarmino e gosto de caipirinhas (e de ver a relva a crescer).<\/p><\/blockquote>\n<p>&#8230;ou deste:<\/p>\n<blockquote><p>A Gambuzinos XPTO foi fundada em 1971 e tem, desde ent\u00e3o, fornecido gambuzinos da mais alta qualidade aos seus clientes. Localizada em Gotham, a Gambuzinos XPTO emprega mais de 2,000 colaboradores e \u00e9 um dos pilares da comunidade de Gotham.<\/p><\/blockquote>\n<p>Visite <a href=\"https:\/\/marlenelima.com.br\/detudoumpouco\/wp-admin\/\">o seu painel<\/a> para apagar esta p\u00e1gina ou para criar mais p\u00e1ginas para o seu conte\u00fado. Divirta-se!<\/p>\n","protected":false},"excerpt":{"rendered":"<p>Isto \u00e9 um exemplo de p\u00e1gina. \u00c9 diferente de um artigo porque fica no mesmo s\u00edtio e aparece na navega\u00e7\u00e3o do seu site (na maior parte dos temas). O normal \u00e9 come\u00e7ar com uma p\u00e1gina &#8220;Acerca de&#8221;, que apresenta o site aos visitantes. Poderia ser qualquer coisa deste tipo: Ol\u00e1! Fa\u00e7o entregas durante o dia, [&hellip;]<\/p>\n","protected":false},"author":1,"featured_media":0,"parent":0,"menu_order":0,"comment_status":"closed","ping_status":"open","template":"","meta":{"footnotes":""},"class_list":["post-2","page","type-page","status-publish","hentry"],"yoast_head":"<!-- This site is optimized with the Yoast SEO plugin v18.3 - https:\/\/yoast.com\/wordpress\/plugins\/seo\/ -->\n<title>Exemplo de p\u00e1gina - De Tudo Um Pouco<\/title>\n<meta name=\"robots\" content=\"index, follow, max-snippet:-1, max-image-preview:large, max-video-preview:-1\" \/>\n<link rel=\"canonical\" href=\"https:\/\/marlenelima.com.br\/detudoumpouco\/pagina-exemplo\/\" \/>\n<meta property=\"og:locale\" content=\"pt_BR\" \/>\n<meta property=\"og:type\" content=\"article\" \/>\n<meta property=\"og:title\" content=\"Exemplo de p\u00e1gina - De Tudo Um Pouco\" \/>\n<meta property=\"og:description\" content=\"Isto \u00e9 um exemplo de p\u00e1gina. \u00c9 diferente de um artigo porque fica no mesmo s\u00edtio e aparece na navega\u00e7\u00e3o do seu site (na maior parte dos temas). O normal \u00e9 come\u00e7ar com uma p\u00e1gina &#8220;Acerca de&#8221;, que apresenta o site aos visitantes. Poderia ser qualquer coisa deste tipo: Ol\u00e1! Fa\u00e7o entregas durante o dia, [&hellip;]\" \/>\n<meta property=\"og:url\" content=\"https:\/\/marlenelima.com.br\/detudoumpouco\/pagina-exemplo\/\" \/>\n<meta property=\"og:site_name\" content=\"De Tudo Um Pouco\" \/>\n<meta name=\"twitter:card\" content=\"summary_large_image\" \/>\n<meta name=\"twitter:label1\" content=\"Est. tempo de leitura\" \/>\n\t<meta name=\"twitter:data1\" content=\"1 minuto\" \/>\n<script type=\"application\/ld+json\" class=\"yoast-schema-graph\">{\"@context\":\"https:\/\/schema.org\",\"@graph\":[{\"@type\":\"WebSite\",\"@id\":\"https:\/\/marlenelima.com.br\/detudoumpouco\/#website\",\"url\":\"https:\/\/marlenelima.com.br\/detudoumpouco\/\",\"name\":\"De Tudo Um Pouco\",\"description\":\"Marlene Lima | Bazar\",\"potentialAction\":[{\"@type\":\"SearchAction\",\"target\":{\"@type\":\"EntryPoint\",\"urlTemplate\":\"https:\/\/marlenelima.com.br\/detudoumpouco\/?s={search_term_string}\"},\"query-input\":\"required name=search_term_string\"}],\"inLanguage\":\"pt-BR\"},{\"@type\":\"WebPage\",\"@id\":\"https:\/\/marlenelima.com.br\/detudoumpouco\/pagina-exemplo\/#webpage\",\"url\":\"https:\/\/marlenelima.com.br\/detudoumpouco\/pagina-exemplo\/\",\"name\":\"Exemplo de p\u00e1gina - De Tudo Um Pouco\",\"isPartOf\":{\"@id\":\"https:\/\/marlenelima.com.br\/detudoumpouco\/#website\"},\"datePublished\":\"2019-06-25T01:52:53+00:00\",\"dateModified\":\"2019-06-25T01:52:53+00:00\",\"breadcrumb\":{\"@id\":\"https:\/\/marlenelima.com.br\/detudoumpouco\/pagina-exemplo\/#breadcrumb\"},\"inLanguage\":\"pt-BR\",\"potentialAction\":[{\"@type\":\"ReadAction\",\"target\":[\"https:\/\/marlenelima.com.br\/detudoumpouco\/pagina-exemplo\/\"]}]},{\"@type\":\"BreadcrumbList\",\"@id\":\"https:\/\/marlenelima.com.br\/detudoumpouco\/pagina-exemplo\/#breadcrumb\",\"itemListElement\":[{\"@type\":\"ListItem\",\"position\":1,\"name\":\"In\u00edcio\",\"item\":\"https:\/\/marlenelima.com.br\/detudoumpouco\/\"},{\"@type\":\"ListItem\",\"position\":2,\"name\":\"Exemplo de p\u00e1gina\"}]}]}<\/script>\n<!-- \/ Yoast SEO plugin. -->","yoast_head_json":{"title":"Exemplo de p\u00e1gina - De Tudo Um Pouco","robots":{"index":"index","follow":"follow","max-snippet":"max-snippet:-1","max-image-preview":"max-image-preview:large","max-video-preview":"max-video-preview:-1"},"canonical":"https:\/\/marlenelima.com.br\/detudoumpouco\/pagina-exemplo\/","og_locale":"pt_BR","og_type":"article","og_title":"Exemplo de p\u00e1gina - De Tudo Um Pouco","og_description":"Isto \u00e9 um exemplo de p\u00e1gina. \u00c9 diferente de um artigo porque fica no mesmo s\u00edtio e aparece na navega\u00e7\u00e3o do seu site (na maior parte dos temas). O normal \u00e9 come\u00e7ar com uma p\u00e1gina &#8220;Acerca de&#8221;, que apresenta o site aos visitantes. Poderia ser qualquer coisa deste tipo: Ol\u00e1! Fa\u00e7o entregas durante o dia, [&hellip;]","og_url":"https:\/\/marlenelima.com.br\/detudoumpouco\/pagina-exemplo\/","og_site_name":"De Tudo Um Pouco","twitter_card":"summary_large_image","twitter_misc":{"Est. tempo de leitura":"1 minuto"},"schema":{"@context":"https:\/\/schema.org","@graph":[{"@type":"WebSite","@id":"https:\/\/marlenelima.com.br\/detudoumpouco\/#website","url":"https:\/\/marlenelima.com.br\/detudoumpouco\/","name":"De Tudo Um Pouco","description":"Marlene Lima | Bazar","potentialAction":[{"@type":"SearchAction","target":{"@type":"EntryPoint","urlTemplate":"https:\/\/marlenelima.com.br\/detudoumpouco\/?s={search_term_string}"},"query-input":"required name=search_term_string"}],"inLanguage":"pt-BR"},{"@type":"WebPage","@id":"https:\/\/marlenelima.com.br\/detudoumpouco\/pagina-exemplo\/#webpage","url":"https:\/\/marlenelima.com.br\/detudoumpouco\/pagina-exemplo\/","name":"Exemplo de p\u00e1gina - De Tudo Um Pouco","isPartOf":{"@id":"https:\/\/marlenelima.com.br\/detudoumpouco\/#website"},"datePublished":"2019-06-25T01:52:53+00:00","dateModified":"2019-06-25T01:52:53+00:00","breadcrumb":{"@id":"https:\/\/marlenelima.com.br\/detudoumpouco\/pagina-exemplo\/#breadcrumb"},"inLanguage":"pt-BR","potentialAction":[{"@type":"ReadAction","target":["https:\/\/marlenelima.com.br\/detudoumpouco\/pagina-exemplo\/"]}]},{"@type":"BreadcrumbList","@id":"https:\/\/marlenelima.com.br\/detudoumpouco\/pagina-exemplo\/#breadcrumb","itemListElement":[{"@type":"ListItem","position":1,"name":"In\u00edcio","item":"https:\/\/marlenelima.com.br\/detudoumpouco\/"},{"@type":"ListItem","position":2,"name":"Exemplo de p\u00e1gina"}]}]}},"_links":{"self":[{"href":"https:\/\/marlenelima.com.br\/detudoumpouco\/wp-json\/wp\/v2\/pages\/2","targetHints":{"allow":["GET"]}}],"collection":[{"href":"https:\/\/marlenelima.com.br\/detudoumpouco\/wp-json\/wp\/v2\/pages"}],"about":[{"href":"https:\/\/marlenelima.com.br\/detudoumpouco\/wp-json\/wp\/v2\/types\/page"}],"author":[{"embeddable":true,"href":"https:\/\/marlenelima.com.br\/detudoumpouco\/wp-json\/wp\/v2\/users\/1"}],"replies":[{"embeddable":true,"href":"https:\/\/marlenelima.com.br\/detudoumpouco\/wp-json\/wp\/v2\/comments?post=2"}],"version-history":[{"count":0,"href":"https:\/\/marlenelima.com.br\/detudoumpouco\/wp-json\/wp\/v2\/pages\/2\/revisions"}],"wp:attachment":[{"href":"https:\/\/marlenelima.com.br\/detudoumpouco\/wp-json\/wp\/v2\/media?parent=2"}],"curies":[{"name":"wp","href":"https:\/\/api.w.org\/{rel}","templated":true}]}}